{"id":22110,"date":"2025-08-09T13:23:09","date_gmt":"2025-08-09T10:23:09","guid":{"rendered":"http:\/\/new.youtrack360.com\/?page_id=22110"},"modified":"2025-08-09T13:37:56","modified_gmt":"2025-08-09T10:37:56","slug":"analysis-demand","status":"publish","type":"page","link":"https:\/\/youtrack360.com\/en\/communication\/analysis-demand\/","title":{"rendered":"Analysis Request"},"content":{"rendered":"<div data-elementor-type=\"wp-page\" data-elementor-id=\"22110\" class=\"elementor elementor-22110\" data-elementor-post-type=\"page\">\n\t\t\t\t<div class=\"elementor-element elementor-element-15e693a5 e-flex e-con-boxed e-con e-parent\" data-id=\"15e693a5\" data-element_type=\"container\" data-settings=\"{&quot;background_background&quot;:&quot;gradient&quot;}\">\n\t\t\t\t\t<div class=\"e-con-inner\">\n\t\t<div class=\"elementor-element elementor-element-2887282d e-con-full e-flex e-con e-child\" data-id=\"2887282d\" data-element_type=\"container\">\n\t\t<div class=\"elementor-element elementor-element-5929740c e-con-full e-flex e-con e-child\" data-id=\"5929740c\" data-element_type=\"container\" data-settings=\"{&quot;background_background&quot;:&quot;classic&quot;}\">\n\t\t<div class=\"elementor-element elementor-element-5dfa0d3d e-con-full e-flex e-con e-child\" data-id=\"5dfa0d3d\" data-element_type=\"container\" data-settings=\"{&quot;background_background&quot;:&quot;classic&quot;}\">\n\t\t\t\t<div class=\"elementor-element elementor-element-52e68de elementor-widget elementor-widget-elementskit-breadcrumb\" data-id=\"52e68de\" data-element_type=\"widget\" data-settings=\"{&quot;ekit_we_effect_on&quot;:&quot;none&quot;}\" data-widget_type=\"elementskit-breadcrumb.default\">\n\t\t\t\t<div class=\"elementor-widget-container\">\n\t\t\t\t\t<div class=\"ekit-wid-con\" ><ol class=\"ekit-breadcrumb\"><li class=\"ekit_breadcrumbs_start\"><a href=\"https:\/\/youtrack360.com\/en\">Home<\/a><\/li><\/ol><\/div>\t\t\t\t<\/div>\n\t\t\t\t<\/div>\n\t\t\t\t<div class=\"elementor-element elementor-element-64f38226 animated-fast elementor-invisible elementor-widget elementor-widget-elementskit-heading\" data-id=\"64f38226\" data-element_type=\"widget\" data-settings=\"{&quot;_animation&quot;:&quot;fadeIn&quot;,&quot;ekit_we_effect_on&quot;:&quot;none&quot;}\" data-widget_type=\"elementskit-heading.default\">\n\t\t\t\t<div class=\"elementor-widget-container\">\n\t\t\t\t\t<div class=\"ekit-wid-con\" ><div class=\"ekit-heading elementskit-section-title-wraper text_left   ekit_heading_tablet-   ekit_heading_mobile-\"><h1 class=\"ekit-heading--title elementskit-section-title\">Analysis Request Form<\/h1>\t\t\t\t<div class='ekit-heading__description'>\n\t\t\t\t\t<p>The easiest way to take the first step to YouTrack360 is to get your channel analysed.<br \/><strong>Scoring<\/strong> discover your channel's strengths and areas for improvement immediately.<\/p>\n\t\t\t\t<\/div>\n\t\t\t<\/div><\/div>\t\t\t\t<\/div>\n\t\t\t\t<\/div>\n\t\t\t\t<div class=\"elementor-element elementor-element-685fe579 animated-fast elementor-invisible elementor-widget elementor-widget-elementskit-contact-form7\" data-id=\"685fe579\" data-element_type=\"widget\" data-settings=\"{&quot;_animation&quot;:&quot;fadeIn&quot;,&quot;_animation_delay&quot;:100,&quot;ekit_we_effect_on&quot;:&quot;none&quot;}\" data-widget_type=\"elementskit-contact-form7.default\">\n\t\t\t\t<div class=\"elementor-widget-container\">\n\t\t\t\t\t<div class=\"ekit-wid-con\" ><div class=\"ekit-form\">\n<div class=\"wpcf7 no-js\" id=\"wpcf7-f22118-o1\" lang=\"tr-TR\" dir=\"ltr\" data-wpcf7-id=\"22118\">\n<div class=\"screen-reader-response\"><p role=\"status\" aria-live=\"polite\" aria-atomic=\"true\"><\/p> <ul><\/ul><\/div>\n<form action=\"\/en\/wp-json\/wp\/v2\/pages\/22110#wpcf7-f22118-o1\" method=\"post\" class=\"wpcf7-form init\" aria-label=\"\u0130leti\u015fim Formu\" novalidate=\"novalidate\" data-status=\"init\" data-trp-original-action=\"\/en\/wp-json\/wp\/v2\/pages\/22110#wpcf7-f22118-o1\">\n<fieldset class=\"hidden-fields-container\"><input type=\"hidden\" name=\"_wpcf7\" value=\"22118\" \/><input type=\"hidden\" name=\"_wpcf7_version\" value=\"6.1.2\" \/><input type=\"hidden\" name=\"_wpcf7_locale\" value=\"tr_TR\" \/><input type=\"hidden\" name=\"_wpcf7_unit_tag\" value=\"wpcf7-f22118-o1\" \/><input type=\"hidden\" name=\"_wpcf7_container_post\" value=\"0\" \/><input type=\"hidden\" name=\"_wpcf7_posted_data_hash\" value=\"\" \/><input type=\"hidden\" name=\"_wpcf7_recaptcha_response\" value=\"\" \/>\n<\/fieldset>\n<p>Name\/Surname*<span class=\"wpcf7-form-control-wrap\" data-name=\"isim\"><input size=\"30\" maxlength=\"400\" class=\"wpcf7-form-control wpcf7-text wpcf7-validates-as-required\" aria-required=\"true\" aria-invalid=\"false\" value=\"\" type=\"text\" name=\"isim\" \/><\/span><br \/>\nTelephone<span class=\"wpcf7-form-control-wrap\" data-name=\"telefon\"><input size=\"30\" maxlength=\"400\" class=\"wpcf7-form-control wpcf7-tel wpcf7-validates-as-required wpcf7-text wpcf7-validates-as-tel\" aria-required=\"true\" aria-invalid=\"false\" value=\"\" type=\"tel\" name=\"telefon\" \/><\/span><br \/>\nE-Mail<span class=\"wpcf7-form-control-wrap\" data-name=\"email\"><input size=\"30\" maxlength=\"400\" class=\"wpcf7-form-control wpcf7-email wpcf7-validates-as-required wpcf7-text wpcf7-validates-as-email\" aria-required=\"true\" aria-invalid=\"false\" value=\"\" type=\"email\" name=\"email\" \/><\/span><br \/>\nYouTube Channel Link*<span class=\"wpcf7-form-control-wrap\" data-name=\"web\"><input size=\"30\" maxlength=\"400\" class=\"wpcf7-form-control wpcf7-url wpcf7-validates-as-required wpcf7-text wpcf7-validates-as-url\" aria-required=\"true\" aria-invalid=\"false\" value=\"\" type=\"url\" name=\"web\" \/><\/span><br \/>\nReference<span class=\"wpcf7-form-control-wrap\" data-name=\"ref\"><input size=\"30\" maxlength=\"400\" class=\"wpcf7-form-control wpcf7-text\" aria-invalid=\"false\" value=\"\" type=\"text\" name=\"ref\" \/><\/span><br \/>\n<span class=\"wpcf7-form-control-wrap\" data-name=\"onay\"><span class=\"wpcf7-form-control wpcf7-checkbox wpcf7-validates-as-required\" id=\"onay\"><span class=\"wpcf7-list-item first last\"><label><input type=\"checkbox\" name=\"onay[]\" value=\"KVKK Ayd\u0131nlatma Metni\u2019ni okudum, bilgilendirildim, ileti almak ve aranmak istiyorum.\" \/><span class=\"wpcf7-list-item-label\">I have read the KVKK Clarification Text, I have been informed, I want to receive messages and be called.<\/span><\/label><\/span><\/span><\/span><br \/>\n<span class=\"wpcf7-form-control-wrap\" data-name=\"onay2\"><span class=\"wpcf7-form-control wpcf7-checkbox wpcf7-validates-as-required\" id=\"onay2\"><span class=\"wpcf7-list-item first last\"><label><input type=\"checkbox\" name=\"onay2[]\" value=\"YouTrack360 taraf\u0131ndan elektronik ileti\u015fim adreslerime ticari elektronik ileti g\u00f6nderilmesine izin veriyorum.\" \/><span class=\"wpcf7-list-item-label\">I authorise YouTrack360 to send commercial electronic messages to my electronic communication addresses.<\/span><\/label><\/span><\/span><\/span><br \/>\n\t<right><input class=\"wpcf7-form-control wpcf7-submit has-spinner\" type=\"submit\" value=\"Send\" \/>\n\t<\/right>\n<\/p><div class=\"wpcf7-response-output\" aria-hidden=\"true\"><\/div>\n<input type=\"hidden\" name=\"trp-form-language\" value=\"en\"\/><\/form>\n<\/div>\n<\/div><\/div>\t\t\t\t<\/div>\n\t\t\t\t<\/div>\n\t\t\t\t<\/div>\n\t\t<div class=\"elementor-element elementor-element-309ae169 e-con-full e-flex e-con e-child\" data-id=\"309ae169\" data-element_type=\"container\" data-settings=\"{&quot;background_background&quot;:&quot;classic&quot;}\">\n\t\t\t\t<div class=\"elementor-element elementor-element-c1f844a animated-fast elementor-invisible elementor-widget elementor-widget-heading\" data-id=\"c1f844a\" data-element_type=\"widget\" data-settings=\"{&quot;_animation&quot;:&quot;fadeInUp&quot;,&quot;_animation_delay&quot;:200,&quot;ekit_we_effect_on&quot;:&quot;none&quot;}\" data-widget_type=\"heading.default\">\n\t\t\t\t<div class=\"elementor-widget-container\">\n\t\t\t\t\t<h4 class=\"elementor-heading-title elementor-size-default\">Where to Start\nDon't you know?<\/h4>\t\t\t\t<\/div>\n\t\t\t\t<\/div>\n\t\t<div class=\"elementor-element elementor-element-23029901 e-con-full e-flex e-con e-child\" data-id=\"23029901\" data-element_type=\"container\">\n\t\t\t\t<div class=\"elementor-element elementor-element-a5e5958 animated-fast elementor-invisible elementor-widget elementor-widget-elementskit-heading\" data-id=\"a5e5958\" data-element_type=\"widget\" data-settings=\"{&quot;_animation&quot;:&quot;fadeIn&quot;,&quot;_animation_delay&quot;:200,&quot;ekit_we_effect_on&quot;:&quot;none&quot;}\" data-widget_type=\"elementskit-heading.default\">\n\t\t\t\t<div class=\"elementor-widget-container\">\n\t\t\t\t\t<div class=\"ekit-wid-con\" ><div class=\"ekit-heading elementskit-section-title-wraper text_left   ekit_heading_tablet-   ekit_heading_mobile-\"><h6 class=\"ekit-heading--title elementskit-section-title\">Get Started Now!<\/h6><\/div><\/div>\t\t\t\t<\/div>\n\t\t\t\t<\/div>\n\t\t\t\t<div class=\"elementor-element elementor-element-6cf42c1a animated-fast elementor-invisible elementor-widget elementor-widget-image\" data-id=\"6cf42c1a\" data-element_type=\"widget\" data-settings=\"{&quot;_animation&quot;:&quot;fadeIn&quot;,&quot;_animation_delay&quot;:100,&quot;ekit_we_effect_on&quot;:&quot;none&quot;}\" data-widget_type=\"image.default\">\n\t\t\t\t<div class=\"elementor-widget-container\">\n\t\t\t\t\t\t\t\t\t\t\t\t\t\t\t<img decoding=\"async\" width=\"201\" height=\"60\" src=\"https:\/\/youtrack360.com\/wp-content\/uploads\/2023\/09\/logo-60.png\" class=\"attachment-large size-large wp-image-21569\" alt=\"\" \/>\t\t\t\t\t\t\t\t\t\t\t\t\t\t\t<\/div>\n\t\t\t\t<\/div>\n\t\t\t\t<\/div>\n\t\t\t\t<\/div>\n\t\t\t\t<\/div>\n\t\t\t\t<\/div>\n\t\t\t\t\t<\/div>\n\t\t\t\t<\/div>\n\t\t\t\t<\/div>","protected":false},"excerpt":{"rendered":"<p>Home Analiz Talep Formu YouTrack360\u2019a ilk ad\u0131m\u0131 atman\u0131n en kolay yolu kanal\u0131n\u0131z\u0131n analizini almak.Skorlama ile kanal\u0131n\u0131z\u0131n g\u00fc\u00e7l\u00fc y\u00f6nlerini ve iyile\u015ftirme alanlar\u0131n\u0131 hemen ke\u015ffedin. Ad\/Soyad* Telefon* E-Mail* YouTube Kanal Linki* Referans KVKK Ayd\u0131nlatma Metni\u2019ni okudum, bilgilendirildim, ileti almak ve aranmak istiyorum. YouTrack360 taraf\u0131ndan elektronik ileti\u015fim adreslerime ticari elektronik ileti g\u00f6nderilmesine izin veriyorum. Nereden Ba\u015flayaca\u011f\u0131n\u0131z\u0131 Bilmiyor musunuz? [&hellip;]<\/p>","protected":false},"author":1,"featured_media":0,"parent":883,"menu_order":0,"comment_status":"closed","ping_status":"closed","template":"","meta":{"footnotes":""},"class_list":["post-22110","page","type-page","status-publish","hentry"],"yoast_head":"<!-- This site is optimized with the Yoast SEO plugin v26.0 - https:\/\/yoast.com\/wordpress\/plugins\/seo\/ -->\n<title>Analiz Talep - YouTrack360<\/title>\n<meta name=\"robots\" content=\"index, follow, max-snippet:-1, max-image-preview:large, max-video-preview:-1\" \/>\n<link rel=\"canonical\" href=\"https:\/\/youtrack360.com\/en\/communication\/analysis-demand\/\" \/>\n<script type=\"application\/ld+json\" class=\"yoast-schema-graph\">{\"@context\":\"https:\/\/schema.org\",\"@graph\":[{\"@type\":\"WebPage\",\"@id\":\"https:\/\/youtrack360.com\/iletisim\/analiz-talep\/\",\"url\":\"https:\/\/youtrack360.com\/iletisim\/analiz-talep\/\",\"name\":\"Analiz Talep - YouTrack360\",\"isPartOf\":{\"@id\":\"https:\/\/youtrack360.com\/#website\"},\"primaryImageOfPage\":{\"@id\":\"https:\/\/youtrack360.com\/iletisim\/analiz-talep\/#primaryimage\"},\"image\":{\"@id\":\"https:\/\/youtrack360.com\/iletisim\/analiz-talep\/#primaryimage\"},\"thumbnailUrl\":\"http:\/\/new.youtrack360.com\/wp-content\/uploads\/2023\/09\/logo-60.png\",\"datePublished\":\"2025-08-09T10:23:09+00:00\",\"dateModified\":\"2025-08-09T10:37:56+00:00\",\"breadcrumb\":{\"@id\":\"https:\/\/youtrack360.com\/iletisim\/analiz-talep\/#breadcrumb\"},\"inLanguage\":\"en-GB\",\"potentialAction\":[{\"@type\":\"ReadAction\",\"target\":[\"https:\/\/youtrack360.com\/iletisim\/analiz-talep\/\"]}]},{\"@type\":\"ImageObject\",\"inLanguage\":\"en-GB\",\"@id\":\"https:\/\/youtrack360.com\/iletisim\/analiz-talep\/#primaryimage\",\"url\":\"http:\/\/new.youtrack360.com\/wp-content\/uploads\/2023\/09\/logo-60.png\",\"contentUrl\":\"http:\/\/new.youtrack360.com\/wp-content\/uploads\/2023\/09\/logo-60.png\"},{\"@type\":\"BreadcrumbList\",\"@id\":\"https:\/\/youtrack360.com\/iletisim\/analiz-talep\/#breadcrumb\",\"itemListElement\":[{\"@type\":\"ListItem\",\"position\":1,\"name\":\"Anasayfa\",\"item\":\"https:\/\/youtrack360.com\/\"},{\"@type\":\"ListItem\",\"position\":2,\"name\":\"\u0130leti\u015fim\",\"item\":\"https:\/\/youtrack360.com\/iletisim\/\"},{\"@type\":\"ListItem\",\"position\":3,\"name\":\"Analiz Talep\"}]},{\"@type\":\"WebSite\",\"@id\":\"https:\/\/youtrack360.com\/#website\",\"url\":\"https:\/\/youtrack360.com\/\",\"name\":\"YouTrack360\",\"description\":\"YouTube Ba\u015far\u0131s\u0131 i\u00e7in Yapay Zeka \u00c7\u00f6z\u00fcm\u00fc!\",\"publisher\":{\"@id\":\"https:\/\/youtrack360.com\/#organization\"},\"potentialAction\":[{\"@type\":\"SearchAction\",\"target\":{\"@type\":\"EntryPoint\",\"urlTemplate\":\"https:\/\/youtrack360.com\/?s={search_term_string}\"},\"query-input\":{\"@type\":\"PropertyValueSpecification\",\"valueRequired\":true,\"valueName\":\"search_term_string\"}}],\"inLanguage\":\"en-GB\"},{\"@type\":\"Organization\",\"@id\":\"https:\/\/youtrack360.com\/#organization\",\"name\":\"YouTrack360\",\"url\":\"https:\/\/youtrack360.com\/\",\"logo\":{\"@type\":\"ImageObject\",\"inLanguage\":\"en-GB\",\"@id\":\"https:\/\/youtrack360.com\/#\/schema\/logo\/image\/\",\"url\":\"https:\/\/youtrack360.com\/wp-content\/uploads\/2023\/09\/favicon.png\",\"contentUrl\":\"https:\/\/youtrack360.com\/wp-content\/uploads\/2023\/09\/favicon.png\",\"width\":512,\"height\":520,\"caption\":\"YouTrack360\"},\"image\":{\"@id\":\"https:\/\/youtrack360.com\/#\/schema\/logo\/image\/\"},\"sameAs\":[\"https:\/\/x.com\/YouTrack360\",\"https:\/\/www.youtube.com\/channel\/UCEXWz4VXkz5b0GPHejAQo3g?sub_confirmation=1\",\"https:\/\/www.instagram.com\/youtrack360\/\",\"https:\/\/www.linkedin.com\/company\/you-track-360\",\"https:\/\/www.tiktok.com\/@youtrack360\"]}]}<\/script>\n<!-- \/ Yoast SEO plugin. -->","yoast_head_json":{"title":"Analyse Demand - YouTrack360","robots":{"index":"index","follow":"follow","max-snippet":"max-snippet:-1","max-image-preview":"max-image-preview:large","max-video-preview":"max-video-preview:-1"},"canonical":"https:\/\/youtrack360.com\/en\/communication\/analysis-demand\/","schema":{"@context":"https:\/\/schema.org","@graph":[{"@type":"WebPage","@id":"https:\/\/youtrack360.com\/iletisim\/analiz-talep\/","url":"https:\/\/youtrack360.com\/iletisim\/analiz-talep\/","name":"Analyse Demand - YouTrack360","isPartOf":{"@id":"https:\/\/youtrack360.com\/#website"},"primaryImageOfPage":{"@id":"https:\/\/youtrack360.com\/iletisim\/analiz-talep\/#primaryimage"},"image":{"@id":"https:\/\/youtrack360.com\/iletisim\/analiz-talep\/#primaryimage"},"thumbnailUrl":"http:\/\/new.youtrack360.com\/wp-content\/uploads\/2023\/09\/logo-60.png","datePublished":"2025-08-09T10:23:09+00:00","dateModified":"2025-08-09T10:37:56+00:00","breadcrumb":{"@id":"https:\/\/youtrack360.com\/iletisim\/analiz-talep\/#breadcrumb"},"inLanguage":"en-GB","potentialAction":[{"@type":"ReadAction","target":["https:\/\/youtrack360.com\/iletisim\/analiz-talep\/"]}]},{"@type":"ImageObject","inLanguage":"en-GB","@id":"https:\/\/youtrack360.com\/iletisim\/analiz-talep\/#primaryimage","url":"http:\/\/new.youtrack360.com\/wp-content\/uploads\/2023\/09\/logo-60.png","contentUrl":"http:\/\/new.youtrack360.com\/wp-content\/uploads\/2023\/09\/logo-60.png"},{"@type":"BreadcrumbList","@id":"https:\/\/youtrack360.com\/iletisim\/analiz-talep\/#breadcrumb","itemListElement":[{"@type":"ListItem","position":1,"name":"Anasayfa","item":"https:\/\/youtrack360.com\/"},{"@type":"ListItem","position":2,"name":"\u0130leti\u015fim","item":"https:\/\/youtrack360.com\/iletisim\/"},{"@type":"ListItem","position":3,"name":"Analiz Talep"}]},{"@type":"WebSite","@id":"https:\/\/youtrack360.com\/#website","url":"https:\/\/youtrack360.com\/","name":"YouTrack360","description":"Artificial Intelligence Solution for YouTube Success!","publisher":{"@id":"https:\/\/youtrack360.com\/#organization"},"potentialAction":[{"@type":"SearchAction","target":{"@type":"EntryPoint","urlTemplate":"https:\/\/youtrack360.com\/?s={search_term_string}"},"query-input":{"@type":"PropertyValueSpecification","valueRequired":true,"valueName":"search_term_string"}}],"inLanguage":"en-GB"},{"@type":"Organization","@id":"https:\/\/youtrack360.com\/#organization","name":"YouTrack360","url":"https:\/\/youtrack360.com\/","logo":{"@type":"ImageObject","inLanguage":"en-GB","@id":"https:\/\/youtrack360.com\/#\/schema\/logo\/image\/","url":"https:\/\/youtrack360.com\/wp-content\/uploads\/2023\/09\/favicon.png","contentUrl":"https:\/\/youtrack360.com\/wp-content\/uploads\/2023\/09\/favicon.png","width":512,"height":520,"caption":"YouTrack360"},"image":{"@id":"https:\/\/youtrack360.com\/#\/schema\/logo\/image\/"},"sameAs":["https:\/\/x.com\/YouTrack360","https:\/\/www.youtube.com\/channel\/UCEXWz4VXkz5b0GPHejAQo3g?sub_confirmation=1","https:\/\/www.instagram.com\/youtrack360\/","https:\/\/www.linkedin.com\/company\/you-track-360","https:\/\/www.tiktok.com\/@youtrack360"]}]}},"_links":{"self":[{"href":"https:\/\/youtrack360.com\/en\/wp-json\/wp\/v2\/pages\/22110","targetHints":{"allow":["GET"]}}],"collection":[{"href":"https:\/\/youtrack360.com\/en\/wp-json\/wp\/v2\/pages"}],"about":[{"href":"https:\/\/youtrack360.com\/en\/wp-json\/wp\/v2\/types\/page"}],"author":[{"embeddable":true,"href":"https:\/\/youtrack360.com\/en\/wp-json\/wp\/v2\/users\/1"}],"replies":[{"embeddable":true,"href":"https:\/\/youtrack360.com\/en\/wp-json\/wp\/v2\/comments?post=22110"}],"version-history":[{"count":0,"href":"https:\/\/youtrack360.com\/en\/wp-json\/wp\/v2\/pages\/22110\/revisions"}],"up":[{"embeddable":true,"href":"https:\/\/youtrack360.com\/en\/wp-json\/wp\/v2\/pages\/883"}],"wp:attachment":[{"href":"https:\/\/youtrack360.com\/en\/wp-json\/wp\/v2\/media?parent=22110"}],"curies":[{"name":"wp","href":"https:\/\/api.w.org\/{rel}","templated":true}]}}